{"id":29,"date":"2022-03-10T21:25:51","date_gmt":"2022-03-10T21:25:51","guid":{"rendered":"http:\/\/wp.leverage.demo\/home-1\/?page_id=29"},"modified":"2025-02-15T00:24:51","modified_gmt":"2025-02-15T00:24:51","slug":"about-us","status":"publish","type":"page","link":"https:\/\/genusware.com\/de\/uber-uns\/","title":{"rendered":"\u00dcber uns"},"content":{"rendered":"<p>Do you have trouble reaching your clients and customers online? Poor web\/mobile\/software design and Features might be the reason why! <\/p>\n\n\n\n<p>Wir leben in einem digitalen Zeitalter, in dem alles im Internet m\u00f6glich ist. Moderne Benutzer sch\u00e4tzen ihre Zeit. Sie gehen online, um Dienstleistungen zu kaufen und zu buchen. Wenn sie Ihr Unternehmen nicht auf dem SERP finden k\u00f6nnen oder Schwierigkeiten haben, sich auf Ihrer Website zurechtzufinden, verlieren Sie Geld.<\/p>\n\n\n\n<p>Genusware offers a wide range of web\/mobile and software development services that will help you put your business on the map and start making a profit. Our staff comprises of experienced specialists in the field of web, mobile app and software development, SEO promotion, web design and creating promotional movies. Your website is your online business card. Develop your brand with Genusware to stay ahead of the competition!<\/p>\n\n\n\n<blockquote class=\"wp-block-quote is-layout-flow wp-block-quote-is-layout-flow\">\n<p>Genusware specialise in helping businesses grow by creating Mobile apps, Websites, Custom Software, Web applications and search engine improvements. We\u2019re passionate about what we do, setting aggressive goals for our clients and never resting until we\u2019ve determined a strategy that achieves incredible results. We don\u2019t stop until our clients get the results they came for, we use our years of expertise to get them there.<\/p>\n<\/blockquote>\n\n\n\n<p>Unsere<strong> development<\/strong> <strong>techniques<\/strong>,&nbsp;is based on the designs of our creative designers and clients.&nbsp;<br>W\u00e4hrend der Konzeptphase besch\u00e4ftigen wir uns mit Beratung und Ideenfindung, um sicherzustellen, dass alles f\u00fcr einen reibungslosen Entwicklungsprozess vorbereitet ist. Nach dem Start k\u00fcmmern wir uns um Sicherheitsbedenken und unterst\u00fctzen Sie bei Anpassungen und Erweiterungen.<\/p>","protected":false},"excerpt":{"rendered":"<p>Do you have trouble reaching your clients and customers online? Poor web\/mobile\/software design and Features might be the reason why!&#8230;<\/p>","protected":false},"author":1,"featured_media":264,"parent":0,"menu_order":0,"comment_status":"closed","ping_status":"closed","template":"","meta":{"footnotes":""},"class_list":["post-29","page","type-page","status-publish","has-post-thumbnail","hentry"],"acf":[],"_links":{"self":[{"href":"https:\/\/genusware.com\/de\/wp-json\/wp\/v2\/pages\/29","targetHints":{"allow":["GET"]}}],"collection":[{"href":"https:\/\/genusware.com\/de\/wp-json\/wp\/v2\/pages"}],"about":[{"href":"https:\/\/genusware.com\/de\/wp-json\/wp\/v2\/types\/page"}],"author":[{"embeddable":true,"href":"https:\/\/genusware.com\/de\/wp-json\/wp\/v2\/users\/1"}],"replies":[{"embeddable":true,"href":"https:\/\/genusware.com\/de\/wp-json\/wp\/v2\/comments?post=29"}],"version-history":[{"count":6,"href":"https:\/\/genusware.com\/de\/wp-json\/wp\/v2\/pages\/29\/revisions"}],"predecessor-version":[{"id":721,"href":"https:\/\/genusware.com\/de\/wp-json\/wp\/v2\/pages\/29\/revisions\/721"}],"wp:featuredmedia":[{"embeddable":true,"href":"https:\/\/genusware.com\/de\/wp-json\/wp\/v2\/media\/264"}],"wp:attachment":[{"href":"https:\/\/genusware.com\/de\/wp-json\/wp\/v2\/media?parent=29"}],"curies":[{"name":"wp","href":"https:\/\/api.w.org\/{rel}","templated":true}]}}